{"id":2054,"date":"2015-09-23T09:43:08","date_gmt":"2015-09-23T09:43:08","guid":{"rendered":"http:\/\/demo.thimpress.com\/sailing\/?page_id=2054"},"modified":"2022-03-03T09:15:27","modified_gmt":"2022-03-03T08:15:27","slug":"home-version-3","status":"publish","type":"page","link":"http:\/\/www.girgenoy.com\/","title":{"rendered":"Home 3"},"content":{"rendered":"<div id=\"pl-2054\"  class=\"panel-layout\" ><div id=\"pg-2054-0\"  class=\"panel-grid panel-has-style\" ><div class=\"siteorigin-panels-stretch thim-fix-stretched panel-row-style panel-row-style-for-2054-0\" data-stretch-type=\"full-stretched\" ><div id=\"pgc-2054-0-0\"  class=\"panel-grid-cell\" ><div id=\"panel-2054-0-0-0\" class=\"so-panel widget widget_text panel-first-child panel-last-child\" data-index=\"0\" ><div class=\"thim-top-rev-slider panel-widget-style panel-widget-style-for-2054-0-0-0\" >\t\t\t<div class=\"textwidget\">\n\t\t\t<!-- START Slider 3 REVOLUTION SLIDER 6.7.18 --><p class=\"rs-p-wp-fix\"><\/p>\n\t\t\t<rs-module-wrap id=\"rev_slider_1_1_wrapper\" data-source=\"gallery\" style=\"visibility:hidden;background:transparent;padding:0;\">\n\t\t\t\t<rs-module id=\"rev_slider_1_1\" style=\"\" data-version=\"6.7.18\">\n\t\t\t\t\t<rs-slides style=\"overflow: hidden; position: absolute;\">\n\t\t\t\t\t\t<rs-slide style=\"position: absolute;\" data-key=\"rs-10\" data-title=\"Slide 3\" data-thumb=\"\/\/www.girgenoy.com\/wp-content\/uploads\/2018\/05\/Haus-2015-a1a-100x50.jpg\" data-anim=\"adpr:false;\">\n\t\t\t\t\t\t\t<img decoding=\"async\" src=\"\/\/www.girgenoy.com\/wp-content\/plugins\/revslider\/sr6\/assets\/assets\/dummy.png\" alt=\"\" class=\"rev-slidebg tp-rs-img rs-lazyload\" data-lazyload=\"\/\/www.girgenoy.com\/wp-content\/uploads\/2018\/05\/Haus-2015-a1a.jpg\" data-bg=\"p:center top;\" data-no-retina>\n<!---->\t\t\t\t\t<\/rs-slide>\n\t\t\t\t\t\t<rs-slide style=\"position: absolute;\" data-key=\"rs-7\" data-title=\"Slide 2\" data-thumb=\"\/\/www.girgenoy.com\/wp-content\/uploads\/2018\/05\/regenbogen-100x50.jpg\" data-anim=\"adpr:false;\">\n\t\t\t\t\t\t\t<img decoding=\"async\" src=\"\/\/www.girgenoy.com\/wp-content\/plugins\/revslider\/sr6\/assets\/assets\/dummy.png\" alt=\"\" class=\"rev-slidebg tp-rs-img rs-lazyload\" data-lazyload=\"\/\/www.girgenoy.com\/wp-content\/uploads\/2018\/05\/regenbogen.jpg\" data-bg=\"p:center top;\" data-no-retina>\n<!---->\t\t\t\t\t<\/rs-slide>\n\t\t\t\t\t\t<rs-slide style=\"position: absolute;\" data-key=\"rs-6\" data-title=\"Slide 3\" data-thumb=\"\/\/www.girgenoy.com\/wp-content\/uploads\/2018\/05\/haus_winter-100x50.jpg\" data-anim=\"adpr:false;\">\n\t\t\t\t\t\t\t<img decoding=\"async\" src=\"\/\/www.girgenoy.com\/wp-content\/plugins\/revslider\/sr6\/assets\/assets\/dummy.png\" alt=\"\" class=\"rev-slidebg tp-rs-img rs-lazyload\" data-lazyload=\"\/\/www.girgenoy.com\/wp-content\/uploads\/2018\/05\/haus_winter.jpg\" data-bg=\"p:center top;\" data-no-retina>\n<!---->\t\t\t\t\t<\/rs-slide>\n\t\t\t\t\t<\/rs-slides>\n\t\t\t\t<\/rs-module>\n\t\t\t\t<script>\n\t\t\t\t\tsetREVStartSize({c: 'rev_slider_1_1',rl:[1240,1024,778,480],el:[],gw:[1240,1024,778,480],gh:[600,600,500,400],type:'standard',justify:'',layout:'fullscreen',offsetContainer:'',offset:'',mh:\"0\"});if (window.RS_MODULES!==undefined && window.RS_MODULES.modules!==undefined && window.RS_MODULES.modules[\"revslider11\"]!==undefined) {window.RS_MODULES.modules[\"revslider11\"].once = false;window.revapi1 = undefined;if (window.RS_MODULES.checkMinimal!==undefined) window.RS_MODULES.checkMinimal()}\n\t\t\t\t<\/script>\n\t\t\t<\/rs-module-wrap>\n\t\t\t<!-- END REVOLUTION SLIDER -->\n<\/div>\n\t\t<\/div><\/div><\/div><\/div><\/div><div id=\"pg-2054-1\"  class=\"panel-grid panel-has-style\" ><div class=\"panel-row-style panel-row-style-for-2054-1\" ><div id=\"pgc-2054-1-0\"  class=\"panel-grid-cell\" ><div id=\"panel-2054-1-0-0\" class=\"so-panel widget widget_icon-box panel-first-child panel-last-child\" data-index=\"1\" ><div class=\"thim-widget-icon-box thim-widget-icon-box-base\"><div class=\"inner-box \"><div style=\"background-image:url()\" class=\"wrapper-box-icon has_custom_image text-left box_shadow_icon \" ><div class=\"smicon-box iconbox-top\"><div class=\"boxes-icon\" style=\"width: 370px;height: 370px;\"><span class=\"inner-icon\"><span class=\"icon icon-images\"><a class=\"smicon-box-link\" href=\"http:\/\/www.girgenoy.com\/?page_id=1904\"><img decoding=\"async\" src=\"http:\/\/www.girgenoy.com\/wp-content\/uploads\/2022\/03\/Sommer-2019_web.jpg\" alt=\"Sommer 2019_web\" title=\"Sommer 2019_web\" ><\/a><\/span><\/span><\/div><div class=\"content-inner\" ><div class=\"sc-heading article_heading\"><h3 class = \"heading__primary\" ><a class=\"smicon-box-link\" href=\"http:\/\/www.girgenoy.com\/?page_id=1904\">Sagenhafte Ferienwohnungen<\/a><\/h3><\/div><div class=\"desc-icon-box\"><div >Im Schein des m\u00e4chtigen Rosengarten und des Latemar erleben Sie im Haus Girgenoy einen (ent-)spannenden S\u00fcdtirol-Urlaub!\nEin Traum am Morgen aufwachen und schon mitten in den Bergen zu sein. \nEndlich ausschlafen, keine Br\u00f6tchen holen, sie h\u00e4ngen schon an der T\u00fcr!\nVom Haus aus Wanderungen, Berg- oder Klettertouren, Klettersteige angehen oder unter dem Rosengartenmassiv Golf spielen, in eine gem\u00fctlichen H\u00fctte einkehren und am Abend auf dem Balkon oder der Terrasse die letzten Sonnenstrahlen genie\u00dfen!<\/div><\/div><\/div><\/div><!--end smicon-box--><\/div><\/div><\/div><\/div><\/div><div id=\"pgc-2054-1-1\"  class=\"panel-grid-cell\" ><div id=\"panel-2054-1-1-0\" class=\"so-panel widget widget_icon-box panel-first-child panel-last-child\" data-index=\"2\" ><div class=\"thim-widget-icon-box thim-widget-icon-box-base\"><div class=\"inner-box \"><div style=\"background-image:url()\" class=\"wrapper-box-icon has_custom_image text-left box_shadow_icon \" ><div class=\"smicon-box iconbox-top\"><div class=\"boxes-icon\" style=\"width: 370px;height: 370px;\"><span class=\"inner-icon\"><span class=\"icon icon-images\"><a class=\"smicon-box-link\" href=\"http:\/\/www.girgenoy.com\/?page_id=1668\"><img decoding=\"async\" src=\"http:\/\/www.girgenoy.com\/wp-content\/uploads\/2015\/09\/Sommer.jpg\" alt=\"sommer\" title=\"sommer\" ><\/a><\/span><\/span><\/div><div class=\"content-inner\" ><div class=\"sc-heading article_heading\"><h3 class = \"heading__primary\" ><a class=\"smicon-box-link\" href=\"http:\/\/www.girgenoy.com\/?page_id=1668\">Im Sommer<\/a><\/h3><\/div><div class=\"desc-icon-box\"><div >Vom Haus aus Spazierg\u00e4nge, Wanderungen, Berg- und Klettertouren , Klettersteige angehen oder Golf spielen, in urigen H\u00fctten einkehren, gut Essen, die Ruhe genie\u00dfen.\nBesuchen sie die die Bl\u00e4tterbachschlucht mit ihren verschiedenen Steinschichten.\nZur Abwechslung Golf spielen, auf dem 9-Loch Golfplatz neben unserem Haus oder einen Spaziergang zum Karersee unternehmen.<\/div><\/div><\/div><\/div><!--end smicon-box--><\/div><\/div><\/div><\/div><\/div><div id=\"pgc-2054-1-2\"  class=\"panel-grid-cell\" ><div id=\"panel-2054-1-2-0\" class=\"so-panel widget widget_icon-box panel-first-child panel-last-child\" data-index=\"3\" ><div class=\"thim-widget-icon-box thim-widget-icon-box-base\"><div class=\"inner-box \"><div style=\"background-image:url()\" class=\"wrapper-box-icon has_custom_image text-left box_shadow_icon \" ><div class=\"smicon-box iconbox-top\"><div class=\"boxes-icon\" style=\"width: 370px;height: 370px;\"><span class=\"inner-icon\"><span class=\"icon icon-images\"><a class=\"smicon-box-link\" href=\"http:\/\/www.girgenoy.com\/?page_id=1668\"><img decoding=\"async\" src=\"http:\/\/www.girgenoy.com\/wp-content\/uploads\/2015\/09\/Winter.jpg\" alt=\"winter\" title=\"winter\" ><\/a><\/span><\/span><\/div><div class=\"content-inner\" ><div class=\"sc-heading article_heading\"><h3 class = \"heading__primary\" ><a class=\"smicon-box-link\" href=\"http:\/\/www.girgenoy.com\/?page_id=1668\">Im Winter<\/a><\/h3><\/div><div class=\"desc-icon-box\"><div >Ob Skifahren, Snowboarden, Langlaufen, Winterwandern, Kinderskirennen, Schneeschuhwandern, Skitouren, Rodeln... Das Skigebiet \"Carezza Ski\" mit 15 Aufstiegsanlagen, 41 km Pisten und fantastischen Ausblick auf die Dolomiten im Reich von K\u00f6nig Laurins Rosengarten und Latemar liegt direkt an unserem Haus und ist der ideale Ausgangspunkt f\u00fcr ihre Ausfl\u00fcge. Oder sie Relaxen und erleben von der Terrasse oder Balkon aus die herrliche Winterlandschaft. Und nach einem anstrengenden Skitag - die W\u00e4rme der Sauna genie\u00dfen.<\/div><\/div><\/div><\/div><!--end smicon-box--><\/div><\/div><\/div><\/div><\/div><\/div><\/div><div id=\"pg-2054-2\"  class=\"panel-grid panel-no-style\" ><div id=\"pgc-2054-2-0\"  class=\"panel-grid-cell\" ><div id=\"panel-2054-2-0-0\" class=\"so-panel widget widget_heading panel-first-child\" data-index=\"4\" ><div class=\"thim-widget-heading thim-widget-heading-base\"><div class=\"sc-heading article_heading wrapper-line-heading\"><h3 class=\"heading__primary\">Unsere Wohnungen<\/h3><span class=\"line-heading\"><span><\/span><\/span><\/div><\/div><\/div><div id=\"panel-2054-2-0-1\" class=\"so-panel widget widget_hb_widget_carousel panel-last-child\" data-index=\"5\" ><div class=\"panel-widget-style panel-widget-style-for-2054-2-0-1\" ><div id=\"hotel_booking_slider_69e1e6fd8266a\" class=\"hb_room_carousel_container tp-hotel-booking\">\n        <!--navigation-->\n        <!--pagination-->\n        <!--text_link-->\n        <div class=\"hb_room_carousel\">\n        \n<ul class=\"rooms tp-hotel-booking hb-catalog-column-3\">\n        \n            \n\n<li id=\"room-2521\" class=\"post-2521 hb_room type-hb_room status-publish has-post-thumbnail hentry hb_room_type-wohnung hb_room_capacity-39\">\n\n\t\n\t<div class=\"summary entry-summary\">\n\n\t\t<div class=\"media\">\n\t<a href=\"http:\/\/www.girgenoy.com\/?hb_room=wohnung-elisabeth\">\n\t\t<img loading=\"lazy\" decoding=\"async\" src=\"http:\/\/www.girgenoy.com\/wp-content\/uploads\/2016\/12\/Karezza-Immobilien_WEB_21-270x270.jpg\" width=\"270\" height=\"270\" alt=\"\"\/>\t\t\t<\/a>\n<\/div><div class=\"title\">\n\t<h4>\n\t\t<a href=\"http:\/\/www.girgenoy.com\/?hb_room=wohnung-elisabeth\">WOHNUNG  ELISABETH<\/a>\n\t<\/h4>\n<\/div>\n\n\t<\/div><!-- .summary -->\n\n\t\n<\/li>\n\n\n        \n            \n\n<li id=\"room-2522\" class=\"post-2522 hb_room type-hb_room status-publish has-post-thumbnail hentry hb_room_type-wohnung hb_room_capacity-42\">\n\n\t\n\t<div class=\"summary entry-summary\">\n\n\t\t<div class=\"media\">\n\t<a href=\"http:\/\/www.girgenoy.com\/?hb_room=wohnung-akelei\">\n\t\t<img loading=\"lazy\" decoding=\"async\" src=\"http:\/\/www.girgenoy.com\/wp-content\/uploads\/2016\/12\/Karezza-Immobilien_WEB_33-270x270.jpg\" width=\"270\" height=\"270\" alt=\"\"\/>\t\t\t<\/a>\n<\/div><div class=\"title\">\n\t<h4>\n\t\t<a href=\"http:\/\/www.girgenoy.com\/?hb_room=wohnung-akelei\">WOHNUNG  AKELEI<\/a>\n\t<\/h4>\n<\/div>\n\n\t<\/div><!-- .summary -->\n\n\t\n<\/li>\n\n\n        \n    <\/ul>\n            <\/div>\n<\/div>\n<script type=\"text\/javascript\">\n    (function($){\n        \"use strict\";\n        $(document).ready(function(){\n            var thimpress_hotel_booking_carousel = $('#hotel_booking_slider_69e1e6fd8266a .hb_room_carousel .rooms');\n            thimpress_hotel_booking_carousel.owlCarousel({\n                navigation: true,\n                pagination: false,\n                items: 3,\n                itemsTablet: \t[768,2],\n                itemsMobile:\t[480,1],\n                paginationSpeed: 600,\n                slideSpeed: 600,\n                autoPlay: false,\n                stopOnHover: true\n            });\n            $('#hotel_booking_slider_69e1e6fd8266a .navigation .next').click(function(){\n                thimpress_hotel_booking_carousel.trigger('owl.next');\n            });\n            $('#hotel_booking_slider_69e1e6fd8266a .navigation .prev').click(function(){\n                thimpress_hotel_booking_carousel.trigger('owl.prev');\n            });\n        });\n    })(jQuery);\n<\/script><\/div><\/div><\/div><\/div><div id=\"pg-2054-3\"  class=\"panel-grid panel-has-style\" ><div class=\"panel-row-style panel-row-style-for-2054-3\" ><div id=\"pgc-2054-3-0\"  class=\"panel-grid-cell\" ><div id=\"panel-2054-3-0-0\" class=\"so-panel widget widget_list-post panel-first-child panel-last-child\" data-index=\"6\" ><div class=\"panel-widget-style panel-widget-style-for-2054-3-0-0\" ><div class=\"thim-widget-list-post thim-widget-list-post-base\"><h3 class=\"widget-title\">Bevorstehende Events<\/h3><div class=\"thim-list-posts homepage\">\t\t<div class=\"item-post post-3573 post type-post status-publish format-standard has-post-thumbnail hentry category-allgemein\">\n\t\t\t<div class=\"article-title-wrapper\"><h5><a href=\"http:\/\/www.girgenoy.com\/?p=3573\" class=\"article-title\">Die Farben im Herbst<\/a><\/h5>Die Stille im Herbst und die herrlichen Farben und die klare Luft streicheln die Seele nach der langen Zeit des <\/div><div class=\"article-date\"><span class=\"day\">18<\/span><span class=\"month\">Juli<\/span><span class=\"year\">2019<\/span><\/div>\t\t<\/div>\n\t\t\t<div class=\"item-post post-3738 post type-post status-publish format-standard hentry category-allgemein\">\n\t\t\t<div class=\"article-title-wrapper\"><h5><a href=\"http:\/\/www.girgenoy.com\/?p=3738\" class=\"article-title\">Preise<\/a><\/h5>Ortstaxe\u00a0 ab o1.o1.2025 \u20ac 2,40 pro Person ab 14 Jahren pro \u00dcbernachtung<br \/>\nFerienwohnung &#8222;Elisabeth&#8220; f\u00fcr 6 Personen<br \/>\n23. &#8211; 30.08.2025\u00a0 <\/div><div class=\"article-date\"><span class=\"day\">05<\/span><span class=\"month\">M\u00e4rz<\/span><span class=\"year\">2024<\/span><\/div>\t\t<\/div>\n\t<div class=\"link_read_more\"><a href=\"http:\/\/www.girgenoy.com\/?page_id=1729\">Read All Event<\/a><\/div><\/div><\/div><\/div><\/div><\/div><div id=\"pgc-2054-3-1\"  class=\"panel-grid-cell panel-grid-cell-empty panel-grid-cell-mobile-last\" ><\/div><div id=\"pgc-2054-3-2\"  class=\"panel-grid-cell panel-grid-cell-empty\" ><\/div><\/div><\/div><\/div>","protected":false},"excerpt":{"rendered":"<p>Ortstaxe\u00a0 ab o1.o1.2025 \u20ac 2,40 pro Person ab 14 Jahren pro \u00dcbernachtung<br \/>\nFerienwohnung &#8222;Elisabeth&#8220; f\u00fcr 6 Personen<br \/>\n23. &#8211; 30.08.2025\u00a0 <\/p>\n","protected":false},"author":1,"featured_media":0,"parent":0,"menu_order":0,"comment_status":"open","ping_status":"open","template":"page-templates\/homepage.php","meta":{"footnotes":""},"class_list":["post-2054","page","type-page","status-publish","hentry"],"_links":{"self":[{"href":"http:\/\/www.girgenoy.com\/index.php?rest_route=\/wp\/v2\/pages\/2054","targetHints":{"allow":["GET"]}}],"collection":[{"href":"http:\/\/www.girgenoy.com\/index.php?rest_route=\/wp\/v2\/pages"}],"about":[{"href":"http:\/\/www.girgenoy.com\/index.php?rest_route=\/wp\/v2\/types\/page"}],"author":[{"embeddable":true,"href":"http:\/\/www.girgenoy.com\/index.php?rest_route=\/wp\/v2\/users\/1"}],"replies":[{"embeddable":true,"href":"http:\/\/www.girgenoy.com\/index.php?rest_route=%2Fwp%2Fv2%2Fcomments&post=2054"}],"version-history":[{"count":33,"href":"http:\/\/www.girgenoy.com\/index.php?rest_route=\/wp\/v2\/pages\/2054\/revisions"}],"predecessor-version":[{"id":3690,"href":"http:\/\/www.girgenoy.com\/index.php?rest_route=\/wp\/v2\/pages\/2054\/revisions\/3690"}],"wp:attachment":[{"href":"http:\/\/www.girgenoy.com\/index.php?rest_route=%2Fwp%2Fv2%2Fmedia&parent=2054"}],"curies":[{"name":"wp","href":"https:\/\/api.w.org\/{rel}","templated":true}]}}