{"id":2852,"date":"2016-01-21T09:14:04","date_gmt":"2016-01-21T09:14:04","guid":{"rendered":"http:\/\/www.girgenoy.com\/?page_id=2852"},"modified":"2024-10-02T08:48:19","modified_gmt":"2024-10-02T06:48:19","slug":"term-condition","status":"publish","type":"page","link":"http:\/\/www.girgenoy.com\/?page_id=2852","title":{"rendered":"Impressum"},"content":{"rendered":"<p>Impressum:<\/p>\n<p>Verantwortlich f\u00fcr den Inhalt:<br \/>\nHaus Girgenoy<br \/>\nIlse Stofner<br \/>\nElisabethweg 3<br \/>\n39056 Karersee (BZ)<br \/>\nTel. +39 0471 612 288<br \/>\ninfo@girgenoy.com<br \/>\nwww.girgenoy.com<br \/>\nMwSt: 01048310211<\/p>\n<p>CIN &#8211; Identifikationskodex: IT021058B45FLS7Z77<\/p>\n<p>Das Copyright \u00a9 der Programmierung, des grafischen Layouts, der Internet Konzeption, etc. liegt bei der Firma Flotech Service. Jegliche Verwendung, auch auszugsweise, bedarf einer schriftlichen Genehmigung.<\/p>\n<p>Es wird ausdr\u00fccklich darauf hingewiesen, dass wir f\u00fcr Seiten, die von dieser Webseite aus verlinkt sind, keinerlei Einfluss auf die dort publizierten Inhalte oder die Gestaltung haben. Wir \u00fcbernehmen somit keinerlei Haftung oder garantieren f\u00fcr die Inhalte der verlinkten Seiten. Wir distanzieren uns ausdr\u00fccklich von der zum Ausdruck gebrachten Meinung auf diesen Seiten, da diese nicht in jedem Fall unserer Meinung entsprechen kann.<\/p>\n<p>Cookies:<br \/>\nCookies sind kleine Textdateien, die auf Ihrem Computer abgelegt werden, wenn Sie bestimmte Websites besuchen.<\/p>\n<p>Wir verwenden Cookies f\u00fcr die Website und -Subdomains \u2013 wobei wir den Benutzer um seine Zustimmung bitten, wo dies ausdr\u00fccklich per Gesetz oder anderen einschl\u00e4gigen Bestimmungen verlangt wird \u2013, um dem Benutzer das Navigieren zu erleichtern und die an den Benutzer \u00fcbermittelten Informationen zu personalisieren. Wir verwenden dar\u00fcber hinaus entsprechende Systeme, um Informationen \u00fcber den Benutzer zu sammeln, wie zum Beispiel seine IP-Adresse, den verwendeten Browser und das Betriebssystem und\/oder von einem Benutzer besuchte Websites f\u00fcr Sicherheits- und Statistikzwecke. Wenn Sie entscheiden, Cookies zu deaktivieren oder abzulehnen, k\u00f6nnen Sie auf einige Teile dieser Webseite und mit ihr verbundener Subdomains m\u00f6glicherweise nicht zugreifen oder sie funktionieren nicht ordnungsgem\u00e4\u00df.<\/p>\n<p>Um eine vollst\u00e4ndige und problemlose Nutzung dieser Website zu gew\u00e4hrleisten, sollten Sie Ihren Browser so einrichten, dass er diese Cookies akzeptiert. Die Cookies stellen f\u00fcr Ihren Computer, Ihr Tablet oder Ihr Smartphone keine Gefahr dar. Die von dieser Webseite erzeugten Cookies enthalten keine personenbezogenen Informationen, die zur Identifizierung des Benutzers verwendet werden k\u00f6nnen, sondern nur verschl\u00fcsselte Daten.<\/p>\n<p>Die Website und mit ihr verbundene Subdomains verwenden die folgenden Arten von Cookies:<\/p>\n<p>Navigationscookies<br \/>\nDiese Cookies erm\u00f6glichen die Navigation auf der Website und die Nutzung ihrer Funktionen. Ohne Cookies k\u00f6nnen Sie m\u00f6glicherweise nicht auf diese Funktionen zugreifen oder sie funktionieren nicht ordnungsgem\u00e4\u00df.<br \/>\nDie absolut n\u00f6tigen Cookies dienen dazu, eine Kennung zu speichern, sodass wir jeden Benutzer eindeutig identifizieren und einen einheitlichen und genau abgestimmten Dienst bereitstellen k\u00f6nnen.<\/p>\n<p>Leistungscookies<br \/>\nDiese Cookies k\u00f6nnen von uns selbst oder von einem unserer Partner stammen; es kann sich dabei um Sitzungscookies oder um permanente Cookies handeln. Sie dienen nur der Website-Performance und Verbesserung. Diese Cookies sammeln keine Informationen, mit denen der Benutzer identifiziert werden kann. Alle Informationen, die mithilfe dieser Cookies gesammelt werden, werden in anonymer Form zusammengefasst und nur zur Verbesserung der Funktionalit\u00e4t der Website genutzt.<\/p>\n<p>Funktionscookies<br \/>\nCookies werden normalerweise infolge einer Handlung des Benutzers auf seinem Computer abgelegt, jedoch k\u00f6nnen sie auch empfangen werden, wenn dem Benutzer ein Dienst angeboten wird, ohne dass dieser ausdr\u00fccklich angefordert wurde. Sie k\u00f6nnen dazu dienen zu verhindern, dass derselbe Dienst demselben Benutzer mehr als einmal angeboten wird. Dar\u00fcber hinaus erm\u00f6glichen diese Cookies der Website, Entscheidungen des Benutzers nachzuhalten. Die von diesen Cookies gesammelten Informationen sind anonym und k\u00f6nnen nicht dazu verwendet werden, das Verhalten des Benutzers auf anderen Websites zu beurteilen.<\/p>\n<p>Cookies von Dritten f\u00fcr Marketing-\/Retargetingzwecke<br \/>\nDiese Cookies werden von unseren Partnern eingesetzt, um unsere Werbung einzublenden, wenn Sie andere Websites besuchen, und zum Beispiel die Produkte anzuzeigen, die Sie sich zuletzt auf unserer Website angesehen haben. Diese Cookies k\u00f6nnen auch dazu verwendet werden, Produkte zu zeigen, die Sie m\u00f6glicherweise interessieren oder die anderen Produkten \u00e4hneln, die Sie sich zuvor angesehen haben. Diese Cookies sind nicht mit der Verarbeitung personenbezogener Informationen verbunden, k\u00f6nnen aber den Zugriff auf den Browser erm\u00f6glichen, der auf Ihrem Computer oder anderen Ger\u00e4ten installiert ist.<\/p>\n<p>Cookies deaktivieren<br \/>\nDatenschutzgesetze geben Benutzern die M\u00f6glichkeit, Cookies zu deaktivieren (\u201eopt out\u201c), die bereits auf ihrem Ger\u00e4t installiert sind. Diese Option gilt f\u00fcr \u201etechnische Cookies\u201c (Art. 122 des italienischen Datenschutzgesetzes) und andere Cookies, die der Benutzer zuvor akzeptiert (\u201eopt in\u201c) hat. Der Benutzer kann Cookies anhand von Browsereinstellungen deaktivieren und\/oder l\u00f6schen (\u201eopt out\u201c)<\/p>\n","protected":false},"excerpt":{"rendered":"<p>Impressum:<br \/>\nVerantwortlich f\u00fcr den Inhalt:<br \/>\nHaus Girgenoy<br \/>\nIlse Stofner<br \/>\nElisabethweg 3<br \/>\n39056 Karersee (BZ)<br \/>\nTel. +39 0471 612 288<br \/>\ninfo@girgenoy.com<br \n<\/p>\n","protected":false},"author":1,"featured_media":0,"parent":0,"menu_order":0,"comment_status":"closed","ping_status":"closed","template":"","meta":{"footnotes":""},"class_list":["post-2852","page","type-page","status-publish","hentry"],"_links":{"self":[{"href":"http:\/\/www.girgenoy.com\/index.php?rest_route=\/wp\/v2\/pages\/2852","targetHints":{"allow":["GET"]}}],"collection":[{"href":"http:\/\/www.girgenoy.com\/index.php?rest_route=\/wp\/v2\/pages"}],"about":[{"href":"http:\/\/www.girgenoy.com\/index.php?rest_route=\/wp\/v2\/types\/page"}],"author":[{"embeddable":true,"href":"http:\/\/www.girgenoy.com\/index.php?rest_route=\/wp\/v2\/users\/1"}],"replies":[{"embeddable":true,"href":"http:\/\/www.girgenoy.com\/index.php?rest_route=%2Fwp%2Fv2%2Fcomments&post=2852"}],"version-history":[{"count":4,"href":"http:\/\/www.girgenoy.com\/index.php?rest_route=\/wp\/v2\/pages\/2852\/revisions"}],"predecessor-version":[{"id":3746,"href":"http:\/\/www.girgenoy.com\/index.php?rest_route=\/wp\/v2\/pages\/2852\/revisions\/3746"}],"wp:attachment":[{"href":"http:\/\/www.girgenoy.com\/index.php?rest_route=%2Fwp%2Fv2%2Fmedia&parent=2852"}],"curies":[{"name":"wp","href":"https:\/\/api.w.org\/{rel}","templated":true}]}}