{"id":2054,"date":"2015-09-23T09:43:08","date_gmt":"2015-09-23T09:43:08","guid":{"rendered":"http:\/\/demo.thimpress.com\/sailing\/?page_id=2054"},"modified":"2017-03-10T09:03:17","modified_gmt":"2017-03-10T08:03:17","slug":"home-version-3","status":"publish","type":"page","link":"http:\/\/www.girgenoy.com\/it\/","title":{"rendered":"Home 3"},"content":{"rendered":"<div id=\"pl-2054\"  class=\"panel-layout\" ><div id=\"pg-2054-0\"  class=\"panel-grid panel-has-style\" ><div class=\"siteorigin-panels-stretch thim-fix-stretched panel-row-style panel-row-style-for-2054-0\" data-stretch-type=\"full-stretched\" ><div id=\"pgc-2054-0-0\"  class=\"panel-grid-cell\" ><div id=\"panel-2054-0-0-0\" class=\"so-panel widget widget_text panel-first-child panel-last-child\" data-index=\"0\" ><div class=\"thim-top-rev-slider panel-widget-style panel-widget-style-for-2054-0-0-0\" >\t\t\t<div class=\"textwidget\">\n\t\t\t<!-- START Slider 3 REVOLUTION SLIDER 6.7.20 --><p class=\"rs-p-wp-fix\"><\/p>\n\t\t\t<rs-module-wrap id=\"rev_slider_1_1_wrapper\" data-source=\"gallery\" style=\"visibility:hidden;background:transparent;padding:0;\">\n\t\t\t\t<rs-module id=\"rev_slider_1_1\" style=\"\" data-version=\"6.7.20\">\n\t\t\t\t\t<rs-slides style=\"overflow: hidden; position: absolute;\">\n\t\t\t\t\t\t<rs-slide style=\"position: absolute;\" data-key=\"rs-7\" data-title=\"Slide 3\" data-thumb=\"\/\/www.girgenoy.com\/it\/wp-content\/uploads\/2018\/05\/Haus-2015-a1a-100x50.jpg\" data-anim=\"adpr:false;\">\n\t\t\t\t\t\t\t<img decoding=\"async\" src=\"\/\/www.girgenoy.com\/it\/wp-content\/plugins\/revslider\/sr6\/assets\/assets\/dummy.png\" alt=\"\" class=\"rev-slidebg tp-rs-img rs-lazyload\" data-lazyload=\"\/\/www.girgenoy.com\/it\/wp-content\/uploads\/2018\/05\/Haus-2015-a1a.jpg\" data-bg=\"p:center top;\" data-no-retina>\n<!---->\t\t\t\t\t<\/rs-slide>\n\t\t\t\t\t\t<rs-slide style=\"position: absolute;\" data-key=\"rs-5\" data-title=\"Slide 2\" data-thumb=\"\/\/www.girgenoy.com\/it\/wp-content\/uploads\/2018\/05\/regenbogen-100x50.jpg\" data-anim=\"adpr:false;\">\n\t\t\t\t\t\t\t<img decoding=\"async\" src=\"\/\/www.girgenoy.com\/it\/wp-content\/plugins\/revslider\/sr6\/assets\/assets\/dummy.png\" alt=\"\" class=\"rev-slidebg tp-rs-img rs-lazyload\" data-lazyload=\"\/\/www.girgenoy.com\/it\/wp-content\/uploads\/2018\/05\/regenbogen.jpg\" data-bg=\"p:center top;\" data-no-retina>\n<!---->\t\t\t\t\t<\/rs-slide>\n\t\t\t\t\t\t<rs-slide style=\"position: absolute;\" data-key=\"rs-6\" data-title=\"Slide 3\" data-thumb=\"\/\/www.girgenoy.com\/it\/wp-content\/uploads\/2018\/05\/haus_winter-100x50.jpg\" data-anim=\"adpr:false;\">\n\t\t\t\t\t\t\t<img decoding=\"async\" src=\"\/\/www.girgenoy.com\/it\/wp-content\/plugins\/revslider\/sr6\/assets\/assets\/dummy.png\" alt=\"\" class=\"rev-slidebg tp-rs-img rs-lazyload\" data-lazyload=\"\/\/www.girgenoy.com\/it\/wp-content\/uploads\/2018\/05\/haus_winter.jpg\" data-bg=\"p:center top;\" data-no-retina>\n<!---->\t\t\t\t\t<\/rs-slide>\n\t\t\t\t\t<\/rs-slides>\n\t\t\t\t<\/rs-module>\n\t\t\t\t<script>\n\t\t\t\t\tsetREVStartSize({c: 'rev_slider_1_1',rl:[1240,1024,778,480],el:[],gw:[1240,1024,778,480],gh:[600,600,500,400],type:'standard',justify:'',layout:'fullscreen',offsetContainer:'',offset:'',mh:\"0\"});if (window.RS_MODULES!==undefined && window.RS_MODULES.modules!==undefined && window.RS_MODULES.modules[\"revslider11\"]!==undefined) {window.RS_MODULES.modules[\"revslider11\"].once = false;window.revapi1 = undefined;if (window.RS_MODULES.checkMinimal!==undefined) window.RS_MODULES.checkMinimal()}\n\t\t\t\t<\/script>\n\t\t\t<\/rs-module-wrap>\n\t\t\t<!-- END REVOLUTION SLIDER -->\n<\/div>\n\t\t<\/div><\/div><\/div><\/div><\/div><div id=\"pg-2054-1\"  class=\"panel-grid panel-has-style\" ><div class=\"panel-row-style panel-row-style-for-2054-1\" ><div id=\"pgc-2054-1-0\"  class=\"panel-grid-cell\" ><div id=\"panel-2054-1-0-0\" class=\"so-panel widget widget_icon-box panel-first-child panel-last-child\" data-index=\"1\" ><div class=\"thim-widget-icon-box thim-widget-icon-box-base\"><div class=\"inner-box \"><div style=\"background-image:url()\" class=\"wrapper-box-icon has_custom_image text-left box_shadow_icon \" ><div class=\"smicon-box iconbox-top\"><div class=\"boxes-icon\" style=\"width: 370px;height: 370px;\"><span class=\"inner-icon\"><span class=\"icon icon-images\"><a class=\"smicon-box-link\" href=\"http:\/\/www.girgenoy.com\/it\/?page_id=1904\"><\/a><\/span><\/span><\/div><div class=\"content-inner\" ><div class=\"sc-heading article_heading\"><h3 class = \"heading__primary\" ><a class=\"smicon-box-link\" href=\"http:\/\/www.girgenoy.com\/it\/?page_id=1904\">Appartamenti da favola per le vacanze<\/a><\/h3><\/div><div class=\"desc-icon-box\"><div >Nello splendore del maestoso Giardino delle Rose e del Latemar, nella casa Girgenoy trascorrerete una vacanza rilassante e al contempo interessante in Alto Adige! \u00c8 davvero un sogno svegliarsi al mattino e trovarsi gi\u00e0 in mezzo ai monti. Finalmente fare una bella dormita e non dover andare a prendere i panini per la colazione perch\u00e9 sono gi\u00e0 pronti davanti alla porta! Partire dalla casa per escursioni, tour di montagna e di arrampicata o giocare a golf sotto il massiccio Giardino delle Rose, fare sosta in un accogliente rifugio e di sera  godersi gli ultimi raggi del sole sul balcone o sulla terrazza!<\/div><\/div><\/div><\/div><!--end smicon-box--><\/div><\/div><\/div><\/div><\/div><div id=\"pgc-2054-1-1\"  class=\"panel-grid-cell\" ><div id=\"panel-2054-1-1-0\" class=\"so-panel widget widget_icon-box panel-first-child panel-last-child\" data-index=\"2\" ><div class=\"thim-widget-icon-box thim-widget-icon-box-base\"><div class=\"inner-box \"><div style=\"background-image:url()\" class=\"wrapper-box-icon has_custom_image text-left box_shadow_icon \" ><div class=\"smicon-box iconbox-top\"><div class=\"boxes-icon\" style=\"width: 370px;height: 370px;\"><span class=\"inner-icon\"><span class=\"icon icon-images\"><a class=\"smicon-box-link\" href=\"http:\/\/www.girgenoy.com\/it\/?page_id=1668\"><img decoding=\"async\" src=\"http:\/\/www.girgenoy.com\/it\/wp-content\/uploads\/2015\/09\/Sommer.jpg\" alt=\"sommer\" title=\"sommer\" ><\/a><\/span><\/span><\/div><div class=\"content-inner\" ><div class=\"sc-heading article_heading\"><h3 class = \"heading__primary\" ><a class=\"smicon-box-link\" href=\"http:\/\/www.girgenoy.com\/it\/?page_id=1668\">D\u2018estate<\/a><\/h3><\/div><div class=\"desc-icon-box\"><div >Partire dalla casa per passeggiate, escursioni, tour di montagna e di arrampicata, ferrate o giocare a golf, fare sosta in rifugi tipici, mangiare bene, godersi la quiete. Visitate la gola del Rio delle Foglie (Bl\u00e4tterbachschlucht) con i suoi vari strati di pietra. In alternativa, giocare a golf sul campo a 9 buche di fianco alla casa o fare una passeggiata al lago carezza.<\/div><\/div><\/div><\/div><!--end smicon-box--><\/div><\/div><\/div><\/div><\/div><div id=\"pgc-2054-1-2\"  class=\"panel-grid-cell\" ><div id=\"panel-2054-1-2-0\" class=\"so-panel widget widget_icon-box panel-first-child panel-last-child\" data-index=\"3\" ><div class=\"thim-widget-icon-box thim-widget-icon-box-base\"><div class=\"inner-box \"><div style=\"background-image:url()\" class=\"wrapper-box-icon has_custom_image text-left box_shadow_icon \" ><div class=\"smicon-box iconbox-top\"><div class=\"boxes-icon\" style=\"width: 370px;height: 370px;\"><span class=\"inner-icon\"><span class=\"icon icon-images\"><a class=\"smicon-box-link\" href=\"http:\/\/www.girgenoy.com\/it\/?page_id=1668\"><img decoding=\"async\" src=\"http:\/\/www.girgenoy.com\/it\/wp-content\/uploads\/2015\/09\/Winter.jpg\" alt=\"winter\" title=\"winter\" ><\/a><\/span><\/span><\/div><div class=\"content-inner\" ><div class=\"sc-heading article_heading\"><h3 class = \"heading__primary\" ><a class=\"smicon-box-link\" href=\"http:\/\/www.girgenoy.com\/it\/?page_id=1668\">D\u2018inverno<\/a><\/h3><\/div><div class=\"desc-icon-box\"><div >Per sciare, praticare snowboard e sci di fondo, fare camminate invernali, gare da sci per bambini, camminare sulla neve con le ciaspole,  tour sciistici, andare in slitta... La zona sciistica \u201cCarezza Ski\" con 15 impianti di salita, 41 km di piste e una vista mozzafiato sui Dolomiti nel regno del Giardino delle rose di re Laurino e Latemar si trova direttamente di fianco alla nostra casa ed \u00e8 il punto di partenza ideale per le vostre gite. In alternativa \u00e8 possibile rilassarsi e godersi il meraviglioso paesaggio invernale dalla terrazza o dal balcone. E dopo una faticoso giornata trascorsa sugli sci godersi il calore della sauna.<\/div><\/div><\/div><\/div><!--end smicon-box--><\/div><\/div><\/div><\/div><\/div><\/div><\/div><div id=\"pg-2054-2\"  class=\"panel-grid panel-no-style\" ><div id=\"pgc-2054-2-0\"  class=\"panel-grid-cell\" ><div id=\"panel-2054-2-0-0\" class=\"so-panel widget widget_heading panel-first-child\" data-index=\"4\" ><div class=\"thim-widget-heading thim-widget-heading-base\"><div class=\"sc-heading article_heading wrapper-line-heading\"><h3 class=\"heading__primary\">I nostri appartamenti<\/h3><span class=\"line-heading\"><span><\/span><\/span><\/div><\/div><\/div><div id=\"panel-2054-2-0-1\" class=\"so-panel widget widget_hb_widget_carousel panel-last-child\" data-index=\"5\" ><div class=\"panel-widget-style panel-widget-style-for-2054-2-0-1\" ><div id=\"hotel_booking_slider_69f433b9aed40\" class=\"hb_room_carousel_container tp-hotel-booking\">\n        <!--navigation-->\n        <!--pagination-->\n        <!--text_link-->\n        <div class=\"hb_room_carousel\">\n        \n<ul class=\"rooms tp-hotel-booking hb-catalog-column-3\">\n        \n            \n\n<li id=\"room-2521\" class=\"post-2521 hb_room type-hb_room status-publish has-post-thumbnail hentry hb_room_type-wohnung hb_room_capacity-39\">\n\n\t\n\t<div class=\"summary entry-summary\">\n\n\t\t<div class=\"media\">\n\t<a href=\"http:\/\/www.girgenoy.com\/it\/?hb_room=wohnung-elisabeth\">\n\t\t<img loading=\"lazy\" decoding=\"async\" src=\"http:\/\/www.girgenoy.com\/it\/wp-content\/uploads\/2015\/11\/Wohnraum-2024-270x270.jpg\" width=\"270\" height=\"270\" alt=\"\"\/>\t\t\t<\/a>\n<\/div><div class=\"title\">\n\t<h4>\n\t\t<a href=\"http:\/\/www.girgenoy.com\/it\/?hb_room=wohnung-elisabeth\">APPARTAMENTO ELISABETH<\/a>\n\t<\/h4>\n<\/div>\n\n\t<\/div><!-- .summary -->\n\n\t\n<\/li>\n\n\n        \n            \n\n<li id=\"room-2522\" class=\"post-2522 hb_room type-hb_room status-publish has-post-thumbnail hentry hb_room_type-wohnung hb_room_capacity-42\">\n\n\t\n\t<div class=\"summary entry-summary\">\n\n\t\t<div class=\"media\">\n\t<a href=\"http:\/\/www.girgenoy.com\/it\/?hb_room=wohnung-akelei\">\n\t\t<img loading=\"lazy\" decoding=\"async\" src=\"http:\/\/www.girgenoy.com\/it\/wp-content\/uploads\/2016\/12\/Karezza-Immobilien_WEB_33-270x270.jpg\" width=\"270\" height=\"270\" alt=\"\"\/>\t\t\t<\/a>\n<\/div><div class=\"title\">\n\t<h4>\n\t\t<a href=\"http:\/\/www.girgenoy.com\/it\/?hb_room=wohnung-akelei\">APPARTAMENTO AKELEI<\/a>\n\t<\/h4>\n<\/div>\n\n\t<\/div><!-- .summary -->\n\n\t\n<\/li>\n\n\n        \n    <\/ul>\n            <\/div>\n<\/div>\n<script type=\"text\/javascript\">\n    (function($){\n        \"use strict\";\n        $(document).ready(function(){\n            var thimpress_hotel_booking_carousel = $('#hotel_booking_slider_69f433b9aed40 .hb_room_carousel .rooms');\n            thimpress_hotel_booking_carousel.owlCarousel({\n                navigation: true,\n                pagination: false,\n                items: 3,\n                itemsTablet: \t[768,2],\n                itemsMobile:\t[480,1],\n                paginationSpeed: 600,\n                slideSpeed: 600,\n                autoPlay: false,\n                stopOnHover: true\n            });\n            $('#hotel_booking_slider_69f433b9aed40 .navigation .next').click(function(){\n                thimpress_hotel_booking_carousel.trigger('owl.next');\n            });\n            $('#hotel_booking_slider_69f433b9aed40 .navigation .prev').click(function(){\n                thimpress_hotel_booking_carousel.trigger('owl.prev');\n            });\n        });\n    })(jQuery);\n<\/script><\/div><\/div><\/div><\/div><div id=\"pg-2054-3\"  class=\"panel-grid panel-has-style\" ><div class=\"panel-row-style panel-row-style-for-2054-3\" ><div id=\"pgc-2054-3-0\"  class=\"panel-grid-cell\" ><div id=\"panel-2054-3-0-0\" class=\"so-panel widget widget_list-post panel-first-child panel-last-child\" data-index=\"6\" ><div class=\"panel-widget-style panel-widget-style-for-2054-3-0-0\" ><div class=\"thim-widget-list-post thim-widget-list-post-base\"><h3 class=\"widget-title\">Events<\/h3><div class=\"thim-list-posts homepage\">\t\t<div class=\"item-post post-3381 post type-post status-publish format-standard hentry category-allgemein\">\n\t\t\t<div class=\"article-title-wrapper\"><h5><a href=\"http:\/\/www.girgenoy.com\/it\/?p=3381\" class=\"article-title\">Zufriedene G\u00e4ste<\/a><\/h5>Buongiorno gent. Sig.a Ilse,<br \/>\nil viaggio di rientro \u00e8 andato bene, abbiamo trovato traffico solo vicino al lago di Garda, <\/div><div class=\"article-date\"><span class=\"day\">03<\/span><span class=\"month\">Sep.<\/span><span class=\"year\">2020<\/span><\/div>\t\t<\/div>\n\t\t\t<div class=\"item-post post-3410 post type-post status-publish format-standard hentry category-allgemein\">\n\t\t\t<div class=\"article-title-wrapper\"><h5><a href=\"http:\/\/www.girgenoy.com\/it\/?p=3410\" class=\"article-title\">I nostri prezzi<\/a><\/h5>Appartamento &#8222;Akelei&#8220;\u00a0 :<br \/>\ntassa di soggiorno dal o1.o1.2025 \u20ac\u00a0 2,70 a persona compiuto i 14 anni a pernottamento<br \/>\n11 &#8211; <\/div><div class=\"article-date\"><span class=\"day\">05<\/span><span class=\"month\">M\u00e4rz<\/span><span class=\"year\">2024<\/span><\/div>\t\t<\/div>\n\t<div class=\"link_read_more\"><a href=\"http:\/\/www.girgenoy.com\/it?page_id=1729\">Read All Event<\/a><\/div><\/div><\/div><\/div><\/div><\/div><div id=\"pgc-2054-3-1\"  class=\"panel-grid-cell panel-grid-cell-empty panel-grid-cell-mobile-last\" ><\/div><div id=\"pgc-2054-3-2\"  class=\"panel-grid-cell panel-grid-cell-empty\" ><\/div><\/div><\/div><\/div>","protected":false},"excerpt":{"rendered":"\n<p>\n\t\t\t\t\tsetREVStartSize({c: &#8218;rev_slider_1_2&#8242;,rl:[1240,1024,778,480],el:[],gw:[1240,1024,778,480],gh:[600,600,500,400],type:&#8217;standard&#8216;,justify:&#8220;,layout:&#8217;fullscreen&#8216;,offsetContainer:&#8220;,offset:&#8220;,mh:&#8220;0&#8243;});if (window.RS_MODULES!==undefined <\/p>\n","protected":false},"author":1,"featured_media":0,"parent":0,"menu_order":0,"comment_status":"open","ping_status":"open","template":"page-templates\/homepage.php","meta":{"footnotes":""},"class_list":["post-2054","page","type-page","status-publish","hentry"],"_links":{"self":[{"href":"http:\/\/www.girgenoy.com\/it\/index.php?rest_route=\/wp\/v2\/pages\/2054","targetHints":{"allow":["GET"]}}],"collection":[{"href":"http:\/\/www.girgenoy.com\/it\/index.php?rest_route=\/wp\/v2\/pages"}],"about":[{"href":"http:\/\/www.girgenoy.com\/it\/index.php?rest_route=\/wp\/v2\/types\/page"}],"author":[{"embeddable":true,"href":"http:\/\/www.girgenoy.com\/it\/index.php?rest_route=\/wp\/v2\/users\/1"}],"replies":[{"embeddable":true,"href":"http:\/\/www.girgenoy.com\/it\/index.php?rest_route=%2Fwp%2Fv2%2Fcomments&post=2054"}],"version-history":[{"count":35,"href":"http:\/\/www.girgenoy.com\/it\/index.php?rest_route=\/wp\/v2\/pages\/2054\/revisions"}],"predecessor-version":[{"id":3315,"href":"http:\/\/www.girgenoy.com\/it\/index.php?rest_route=\/wp\/v2\/pages\/2054\/revisions\/3315"}],"wp:attachment":[{"href":"http:\/\/www.girgenoy.com\/it\/index.php?rest_route=%2Fwp%2Fv2%2Fmedia&parent=2054"}],"curies":[{"name":"wp","href":"https:\/\/api.w.org\/{rel}","templated":true}]}}